{"id":620,"date":"2021-07-21T09:30:53","date_gmt":"2021-07-21T07:30:53","guid":{"rendered":"http:\/\/www.abc4it.net\/cms\/?page_id=620"},"modified":"2026-04-21T15:21:24","modified_gmt":"2026-04-21T13:21:24","slug":"stellen","status":"publish","type":"page","link":"https:\/\/www.abc4it.com\/cms\/stellen\/","title":{"rendered":"Stellen"},"content":{"rendered":"\t\t<div data-elementor-type=\"wp-page\" data-elementor-id=\"620\" class=\"elementor elementor-620\">\n\t\t\t\t\t\t<section class=\"elementor-section elementor-top-section elementor-element elementor-element-32cc0f5 elementor-section-full_width elementor-section-height-default elementor-section-height-default\" data-id=\"32cc0f5\" data-element_type=\"section\" data-e-type=\"section\" data-settings=\"{&quot;background_background&quot;:&quot;gradient&quot;,&quot;shape_divider_bottom&quot;:&quot;curve&quot;}\">\n\t\t\t\t\t<div class=\"elementor-shape elementor-shape-bottom\" aria-hidden=\"true\" data-negative=\"false\">\n\t\t\t<svg xmlns=\"http:\/\/www.w3.org\/2000\/svg\" viewBox=\"0 0 1000 100\" preserveAspectRatio=\"none\">\n    <path class=\"elementor-shape-fill\" d=\"M1000,4.3V0H0v4.3C0.9,23.1,126.7,99.2,500,100S1000,22.7,1000,4.3z\"\/>\n<\/svg>\t\t<\/div>\n\t\t\t\t\t<div class=\"elementor-container elementor-column-gap-default\">\n\t\t\t\t\t<div class=\"elementor-column elementor-col-100 elementor-top-column elementor-element elementor-element-10528d8\" data-id=\"10528d8\" data-element_type=\"column\" data-e-type=\"column\">\n\t\t\t<div class=\"elementor-widget-wrap elementor-element-populated\">\n\t\t\t\t\t\t<div class=\"elementor-element elementor-element-568f3ae elementor-widget elementor-widget-spacer\" data-id=\"568f3ae\" data-element_type=\"widget\" data-e-type=\"widget\" data-widget_type=\"spacer.default\">\n\t\t\t\t<div class=\"elementor-widget-container\">\n\t\t\t\t\t\t\t<div class=\"elementor-spacer\">\n\t\t\t<div class=\"elementor-spacer-inner\"><\/div>\n\t\t<\/div>\n\t\t\t\t\t\t<\/div>\n\t\t\t\t<\/div>\n\t\t\t\t<section class=\"elementor-section elementor-inner-section elementor-element elementor-element-c94ffd1 elementor-section-boxed elementor-section-height-default elementor-section-height-default\" data-id=\"c94ffd1\" data-element_type=\"section\" data-e-type=\"section\">\n\t\t\t\t\t\t<div class=\"elementor-container elementor-column-gap-default\">\n\t\t\t\t\t<div class=\"elementor-column elementor-col-100 elementor-inner-column elementor-element elementor-element-c5c0beb\" data-id=\"c5c0beb\" data-element_type=\"column\" data-e-type=\"column\">\n\t\t\t<div class=\"elementor-widget-wrap elementor-element-populated\">\n\t\t\t\t\t\t<div class=\"elementor-element elementor-element-7fdc3ae elementor-invisible elementor-widget elementor-widget-heading\" data-id=\"7fdc3ae\" data-element_type=\"widget\" data-e-type=\"widget\" data-settings=\"{&quot;_animation&quot;:&quot;slideInLeft&quot;}\" data-widget_type=\"heading.default\">\n\t\t\t\t<div class=\"elementor-widget-container\">\n\t\t\t\t\t<h1 class=\"elementor-heading-title elementor-size-default\">Stellen<\/h1>\t\t\t\t<\/div>\n\t\t\t\t<\/div>\n\t\t\t\t<div class=\"elementor-element elementor-element-2ee863f elementor-widget elementor-widget-text-editor\" data-id=\"2ee863f\" data-element_type=\"widget\" data-e-type=\"widget\" data-widget_type=\"text-editor.default\">\n\t\t\t\t<div class=\"elementor-widget-container\">\n\t\t\t\t\t\t\t\t\t<p style=\"text-align: center;\"><span style=\"color: #ffffff;\">Sie sind ein erfahrener Profi auf einem Gebiet? Sie glauben Sie k\u00f6nnten uns etwas bringen?<br \/>Senden Sie uns Ihre Bewerbung mit einem vollst\u00e4ndigen CV.<br \/><\/span><\/p>\t\t\t\t\t\t\t\t<\/div>\n\t\t\t\t<\/div>\n\t\t\t\t\t<\/div>\n\t\t<\/div>\n\t\t\t\t\t<\/div>\n\t\t<\/section>\n\t\t\t\t\t<\/div>\n\t\t<\/div>\n\t\t\t\t\t<\/div>\n\t\t<\/section>\n\t\t\t\t<section class=\"elementor-section elementor-top-section elementor-element elementor-element-4349ee2 elementor-section-boxed elementor-section-height-default elementor-section-height-default\" data-id=\"4349ee2\" data-element_type=\"section\" data-e-type=\"section\">\n\t\t\t\t\t\t<div class=\"elementor-container elementor-column-gap-default\">\n\t\t\t\t\t<div class=\"elementor-column elementor-col-50 elementor-top-column elementor-element elementor-element-a46ae4e\" data-id=\"a46ae4e\" data-element_type=\"column\" data-e-type=\"column\">\n\t\t\t<div class=\"elementor-widget-wrap elementor-element-populated\">\n\t\t\t\t\t\t<div class=\"elementor-element elementor-element-40a5868 elementor-widget elementor-widget-image\" data-id=\"40a5868\" data-element_type=\"widget\" data-e-type=\"widget\" data-widget_type=\"image.default\">\n\t\t\t\t<div class=\"elementor-widget-container\">\n\t\t\t\t\t\t\t\t\t\t\t\t\t\t\t<img fetchpriority=\"high\" decoding=\"async\" width=\"1024\" height=\"764\" src=\"https:\/\/www.abc4it.com\/cms\/wp-content\/uploads\/2024\/11\/kblocks_prebuilt_42_support_1-min-1024x764-1.png\" class=\"attachment-large size-large wp-image-3853\" alt=\"\" srcset=\"https:\/\/www.abc4it.com\/cms\/wp-content\/uploads\/2024\/11\/kblocks_prebuilt_42_support_1-min-1024x764-1.png 1024w, https:\/\/www.abc4it.com\/cms\/wp-content\/uploads\/2024\/11\/kblocks_prebuilt_42_support_1-min-1024x764-1-300x224.png 300w, https:\/\/www.abc4it.com\/cms\/wp-content\/uploads\/2024\/11\/kblocks_prebuilt_42_support_1-min-1024x764-1-768x573.png 768w\" sizes=\"(max-width: 1024px) 100vw, 1024px\" \/>\t\t\t\t\t\t\t\t\t\t\t\t\t\t\t<\/div>\n\t\t\t\t<\/div>\n\t\t\t\t\t<\/div>\n\t\t<\/div>\n\t\t\t\t<div class=\"elementor-column elementor-col-50 elementor-top-column elementor-element elementor-element-d21b67c\" data-id=\"d21b67c\" data-element_type=\"column\" data-e-type=\"column\">\n\t\t\t<div class=\"elementor-widget-wrap elementor-element-populated\">\n\t\t\t\t\t\t<div class=\"elementor-element elementor-element-757e2df elementor-widget elementor-widget-text-editor\" data-id=\"757e2df\" data-element_type=\"widget\" data-e-type=\"widget\" data-widget_type=\"text-editor.default\">\n\t\t\t\t<div class=\"elementor-widget-container\">\n\t\t\t\t\t\t\t\t\t<h2 class=\"has-nv-dark-bg-color has-text-color wp-block-heading\">Wir suchen st\u00e4ndig Talente:<\/h2><div class=\"wp-block-kadence-iconlist kt-svg-icon-list-items kt-svg-icon-list-items_c30a2d-a6 kt-svg-icon-list-columns-1 alignnone\"><ul class=\"kt-svg-icon-list\"><li class=\"kt-svg-icon-list-style-default kt-svg-icon-list-item-wrap kt-svg-icon-list-item-0\"><span class=\"kt-svg-icon-list-text\">Web-Entwickler<\/span><\/li><li class=\"kt-svg-icon-list-style-default kt-svg-icon-list-item-wrap kt-svg-icon-list-item-1\"><span class=\"kt-svg-icon-list-text\">PC-Supporter<\/span><\/li><li class=\"kt-svg-icon-list-style-default kt-svg-icon-list-item-wrap kt-svg-icon-list-item-2\"><span class=\"kt-svg-icon-list-text\">IT-Service Verk\u00e4ufer<\/span><\/li><li class=\"kt-svg-icon-list-style-default kt-svg-icon-list-item-wrap kt-svg-icon-list-item-3\"><span class=\"kt-svg-icon-list-text\">Internet Verk\u00e4ufer<\/span><\/li><\/ul><\/div>\t\t\t\t\t\t\t\t<\/div>\n\t\t\t\t<\/div>\n\t\t\t\t\t<\/div>\n\t\t<\/div>\n\t\t\t\t\t<\/div>\n\t\t<\/section>\n\t\t\t\t<\/div>\n\t\t","protected":false},"excerpt":{"rendered":"<p>Stellen Sie sind ein erfahrener Profi auf einem Gebiet? Sie glauben Sie k\u00f6nnten uns etwas bringen?Senden Sie uns Ihre Bewerbung mit einem vollst\u00e4ndigen CV. Wir suchen st\u00e4ndig Talente: Web-Entwickler PC-Supporter IT-Service Verk\u00e4ufer Internet Verk\u00e4ufer<\/p>\n","protected":false},"author":1,"featured_media":0,"parent":0,"menu_order":0,"comment_status":"closed","ping_status":"closed","template":"page-templates\/template-pagebuilder-full-width.php","meta":{"_crdt_document":"{\"document\":\"AAAG9setvB0ZDAgQqB0BDSICAQIKSgAdKAMnAAQAJwAEACcAKAQnACgPJwAHACgDJwAoACfVDJ8Mc3RhdGV2ZXJzaW9uZG9jdW1lbnRkYXRlZG9jdW1lbnRzbHVnZG9jdW1lbnRzdGF0dXNkb2N1bWVudHRpdGxlU3RlbGxlbmRvY3VtZW50Y29udGVudDxoMT5TdGVsbGVuPC9oMT4JCQkJCgkJPHAgc3R5bGU9InRleHQtYWxpZ246IGNlbnRlcjsiPlNpZSBzaW5kIGVpbiBlcmZhaHJlbmVyIFByb2ZpIGF1ZiBlaW5lbSBHZWJpZXQ\/IFNpZSBnbGF1YmVuIFNpZSBrw7ZubnRlbiB1bnMgZXR3YXMgYnJpbmdlbj88YnIgLz5TZW5kZW4gU2llIHVucyBJaHJlIEJld2VyYnVuZyBtaXQgZWluZW0gdm9sbHN0w6RuZGlnZW4gQ1YuPGJyIC8+PC9wPgkJCgkJCQkJCQkJCQkJCQkJCTxpbWcgd2lkdGg9IjEwMjQiIGhlaWdodD0iNzY0IiBzcmM9Imh0dHBzOi8vd3d3LmFiYzRpdC5jb20vY21zL3dwLWNvbnRlbnQvdXBsb2Fkcy8yMDI0LzExL2tibG9ja3NfcHJlYnVpbHRfNDJfc3VwcG9ydF8xLW1pbi0xMDI0eDc2NC0xLnBuZyIgYWx0PSIiIHNyY3NldD0iaHR0cHM6Ly93d3cuYWJjNGl0LmNvbS9jbXMvd3AtY29udGVudC91cGxvYWRzLzIwMjQvMTEva2Jsb2Nrc19wcmVidWlsdF80Ml9zdXBwb3J0XzEtbWluLTEwMjR4NzY0LTEucG5nIDEwMjR3LCBodHRwczovL3d3dy5hYmM0aXQuY29tL2Ntcy93cC1jb250ZW50L3VwbG9hZHMvMjAyNC8xMS9rYmxvY2tzX3ByZWJ1aWx0XzQyX3N1cHBvcnRfMS1taW4tMTAyNHg3NjQtMS0zMDB4MjI0LnBuZyAzMDB3LCBodHRwczovL3d3dy5hYmM0aXQuY29tL2Ntcy93cC1jb250ZW50L3VwbG9hZHMvMjAyNC8xMS9rYmxvY2tzX3ByZWJ1aWx0XzQyX3N1cHBvcnRfMS1taW4tMTAyNHg3NjQtMS03Njh4NTczLnBuZyA3Njh3IiBzaXplcz0iKG1heC13aWR0aDogMTAyNHB4KSAxMDB2dywgMTAyNHB4IiAvPgkJCQkJCQkJCQkJCQkJCQoJCTxoMj5XaXIgc3VjaGVuIHN0w6RuZGlnIFRhbGVudGU6PC9oMj48dWw+PGxpPldlYi1FbnR3aWNrbGVyPC9saT48bGk+UEMtU3VwcG9ydGVyPC9saT48bGk+SVQtU2VydmljZSBWZXJrw6R1ZmVyPC9saT48bGk+SW50ZXJuZXQgVmVya8OkdWZlcjwvbGk+PC91bD5kb2N1bWVudGV4Y2VycHRkb2N1bWVudGF1dGhvcmRvY3VtZW50ZmVhdHVyZWRfbWVkaWFkb2N1bWVudGNvbW1lbnRfc3RhdHVzZG9jdW1lbnRwaW5nX3N0YXR1c2RvY3VtZW50dGVtcGxhdGVkb2N1bWVudG1ldGFuZXZlX21ldGFfc2lkZWJhcm5ldmVfbWV0YV9jb250YWluZXJuZXZlX21ldGFfZW5hYmxlX2NvbnRlbnRfd2lkdGhuZXZlX21ldGFfY29udGVudF93aWR0aG5ldmVfbWV0YV90aXRsZV9hbGlnbm1lbnRuZXZlX21ldGFfYXV0aG9yX2F2YXRhcm5ldmVfcG9zdF9lbGVtZW50c19vcmRlcm5ldmVfbWV0YV9kaXNhYmxlX2hlYWRlcm5ldmVfbWV0YV9kaXNhYmxlX2Zvb3Rlcm5ldmVfbWV0YV9kaXNhYmxlX3RpdGxlaWF3cF90b3RhbF92aWV3c2Zvb3Rub3Rlc19lbGVtZW50b3JfZWRpdF9tb2RlX2VsZW1lbnRvcl90ZW1wbGF0ZV90eXBlX2VsZW1lbnRvcl9kYXRhX2VsZW1lbnRvcl9wYWdlX3NldHRpbmdzZG9jdW1lbnRibG9ja3NjbGllbnRJZGlzVmFsaWRvcmlnaW5hbENvbnRlbnRuYW1lYXR0cmlidXRlc2NvbnRlbnRpbm5lckJsb2NrcwUHCAQIBAgGCAUHCAetDggHCAYIDggOCAtIAQQREx4XGRdYARcQCRQYDxgIBggHDwQKBwsPAQQAAAEAAAABBgAPAQAAB0IBAQBBAAACQRwBKAB9AXcTMjAyMS0wNy0yMVQwOTozMDo1M3cHc3RlbGxlbncHcHVibGlzaH0BfQB3BmNsb3NlZHcGY2xvc2VkdzJwYWdlLXRlbXBsYXRlcy90ZW1wbGF0ZS1wYWdlYnVpbGRlci1mdWxsLXdpZHRoLnBocHcKZnVsbC13aWR0aHcAdwJvbn2kAXcAdwB3AHcAdwB3AH2xEncAdwdidWlsZGVydwd3cC1wYWdld8scW3siaWQiOiIzMmNjMGY1IiwiZWxUeXBlIjoic2VjdGlvbiIsInNldHRpbmdzIjp7ImJhY2tncm91bmRfYmFja2dyb3VuZCI6ImdyYWRpZW50IiwiYmFja2dyb3VuZF9jb2xvciI6IiMxRTYzRDUiLCJiYWNrZ3JvdW5kX2NvbG9yX2IiOiIjMERCNkMzIiwiYmFja2dyb3VuZF9ncmFkaWVudF9hbmdsZSI6eyJ1bml0IjoiZGVnIiwic2l6ZSI6MTAwLCJzaXplcyI6W119LCJzaGFwZV9kaXZpZGVyX2JvdHRvbSI6ImN1cnZlIiwic2hhcGVfZGl2aWRlcl9ib3R0b21fd2lkdGgiOnsidW5pdCI6IiUiLCJzaXplIjoxMDMsInNpemVzIjpbXX0sInNoYXBlX2RpdmlkZXJfYm90dG9tX2hlaWdodCI6eyJ1bml0IjoicHgiLCJzaXplIjo1MCwic2l6ZXMiOltdfSwibGF5b3V0IjoiZnVsbF93aWR0aCIsImhvdmVyX3BhcmFsbGF4IjpbeyJsYXllcl9wb3NpdGlvbl92ciI6eyJ1bml0IjoiJSIsInNpemUiOjMwfSwibGF5ZXJfcG9zaXRpb25faHIiOnsidW5pdCI6IiUiLCJzaXplIjo0MH0sIl9pZCI6IjMwM2YyNjQifSx7ImxheWVyX3Bvc2l0aW9uX3ZyIjp7InVuaXQiOiIlIiwic2l6ZSI6NjB9LCJsYXllcl9wb3NpdGlvbl9ociI6eyJ1bml0IjoiJSIsInNpemUiOjIwfSwiX2lkIjoiYjJkYzNmZSJ9XX0sImVsZW1lbnRzIjpbeyJpZCI6IjEwNTI4ZDgiLCJlbFR5cGUiOiJjb2x1bW4iLCJzZXR0aW5ncyI6eyJfY29sdW1uX3NpemUiOjEwMCwiX2lubGluZV9zaXplIjpudWxsfSwiZWxlbWVudHMiOlt7ImlkIjoiNTY4ZjNhZSIsImVsVHlwZSI6IndpZGdldCIsInNldHRpbmdzIjp7InNwYWNlIjp7InVuaXQiOiJweCIsInNpemUiOjMwLCJzaXplcyI6W119fSwiZWxlbWVudHMiOltdLCJ3aWRnZXRUeXBlIjoic3BhY2VyIn0seyJpZCI6ImM5NGZmZDEiLCJlbFR5cGUiOiJzZWN0aW9uIiwic2V0dGluZ3MiOnsiaG92ZXJfcGFyYWxsYXgiOlt7ImxheWVyX3Bvc2l0aW9uX3ZyIjp7InVuaXQiOiIlIiwic2l6ZSI6MzB9LCJsYXllcl9wb3NpdGlvbl9ociI6eyJ1bml0IjoiJSIsInNpemUiOjQwfSwiX2lkIjoiZGI2MDAzMiJ9LHsibGF5ZXJfcG9zaXRpb25fdnIiOnsidW5pdCI6IiUiLCJzaXplIjo2MH0sImxheWVyX3Bvc2l0aW9uX2hyIjp7InVuaXQiOiIlIiwic2l6ZSI6MjB9LCJfaWQiOiI3ODk5ZmFkIn1dLCJtYXJnaW4iOnsidW5pdCI6InB4IiwidG9wIjoiMCIsInJpZ2h0IjowLCJib3R0b20iOiI1MCIsImxlZnQiOjAsImlzTGlua2VkIjpmYWxzZX19LCJlbGVtZW50cyI6W3siaWQiOiJjNWMwYmViIiwiZWxUeXBlIjoiY29sdW1uIiwic2V0dGluZ3MiOnsiX2NvbHVtbl9zaXplIjoxMDAsIl9pbmxpbmVfc2l6ZSI6bnVsbH0sImVsZW1lbnRzIjpbeyJpZCI6IjdmZGMzYWUiLCJlbFR5cGUiOiJ3aWRnZXQiLCJzZXR0aW5ncyI6eyJ0aXRsZSI6IlN0ZWxsZW4iLCJ0aXRsZV9jb2xvciI6IiNGRkZGRkYiLCJfYW5pbWF0aW9uIjoic2xpZGVJbkxlZnQiLCJoZWFkZXJfc2l6ZSI6ImgxIiwidHlwb2dyYXBoeV90eXBvZ3JhcGh5IjoiY3VzdG9tIiwidHlwb2dyYXBoeV9mb250X3NpemUiOnsidW5pdCI6InB4Iiwic2l6ZSI6MzIsInNpemVzIjpbXX0sImFsaWduIjoiY2VudGVyIn0sImVsZW1lbnRzIjpbXSwid2lkZ2V0VHlwZSI6ImhlYWRpbmcifSx7ImlkIjoiMmVlODYzZiIsImVsVHlwZSI6IndpZGdldCIsInNldHRpbmdzIjp7ImVkaXRvciI6IjxwIHN0eWxlPVwidGV4dC1hbGlnbjogY2VudGVyO1wiPjxzcGFuIHN0eWxlPVwiY29sb3I6ICNmZmZmZmY7XCI+U2llIHNpbmQgZWluIGVyZmFocmVuZXIgUHJvZmkgYXVmIGVpbmVtIEdlYmlldD8gU2llIGdsYXViZW4gU2llIGtcdTAwZjZubnRlbiB1bnMgZXR3YXMgYnJpbmdlbj88YnIgXC8+U2VuZGVuIFNpZSB1bnMgSWhyZSBCZXdlcmJ1bmcgbWl0IGVpbmVtIHZvbGxzdFx1MDBlNG5kaWdlbiBDVi48YnIgXC8+PFwvc3Bhbj48XC9wPiJ9LCJlbGVtZW50cyI6W10sIndpZGdldFR5cGUiOiJ0ZXh0LWVkaXRvciJ9XSwiaXNJbm5lciI6dHJ1ZX1dLCJpc0lubmVyIjp0cnVlfV0sImlzSW5uZXIiOmZhbHNlfV0sImlzSW5uZXIiOmZhbHNlfSx7ImlkIjoiNDM0OWVlMiIsImVsVHlwZSI6InNlY3Rpb24iLCJzZXR0aW5ncyI6eyJzdHJ1Y3R1cmUiOiIyMCJ9LCJlbGVtZW50cyI6W3siaWQiOiJhNDZhZTRlIiwiZWxUeXBlIjoiY29sdW1uIiwic2V0dGluZ3MiOnsiX2NvbHVtbl9zaXplIjo1MCwiX2lubGluZV9zaXplIjpudWxsfSwiZWxlbWVudHMiOlt7ImlkIjoiNDBhNTg2OCIsImVsVHlwZSI6IndpZGdldCIsInNldHRpbmdzIjp7ImltYWdlIjp7InVybCI6Imh0dHBzOlwvXC93d3cuYWJjNGl0LmNvbVwvY21zXC93cC1jb250ZW50XC91cGxvYWRzXC8yMDI0XC8xMVwva2Jsb2Nrc19wcmVidWlsdF80Ml9zdXBwb3J0XzEtbWluLTEwMjR4NzY0LTEucG5nIiwiaWQiOjM4NTMsInNpemUiOiIiLCJhbHQiOiIiLCJzb3VyY2UiOiJsaWJyYXJ5In19LCJlbGVtZW50cyI6W10sIndpZGdldFR5cGUiOiJpbWFnZSJ9XSwiaXNJbm5lciI6ZmFsc2V9LHsiaWQiOiJkMjFiNjdjIiwiZWxUeXBlIjoiY29sdW1uIiwic2V0dGluZ3MiOnsiX2NvbHVtbl9zaXplIjo1MCwiX2lubGluZV9zaXplIjpudWxsfSwiZWxlbWVudHMiOlt7ImlkIjoiNzU3ZTJkZiIsImVsVHlwZSI6IndpZGdldCIsInNldHRpbmdzIjp7ImVkaXRvciI6IjxoMiBjbGFzcz1cImhhcy1udi1kYXJrLWJnLWNvbG9yIGhhcy10ZXh0LWNvbG9yIHdwLWJsb2NrLWhlYWRpbmdcIj5XaXIgc3VjaGVuIHN0XHUwMGU0bmRpZyBUYWxlbnRlOjxcL2gyPjxkaXYgY2xhc3M9XCJ3cC1ibG9jay1rYWRlbmNlLWljb25saXN0IGt0LXN2Zy1pY29uLWxpc3QtaXRlbXMga3Qtc3ZnLWljb24tbGlzdC1pdGVtc19jMzBhMmQtYTYga3Qtc3ZnLWljb24tbGlzdC1jb2x1bW5zLTEgYWxpZ25ub25lXCI+PHVsIGNsYXNzPVwia3Qtc3ZnLWljb24tbGlzdFwiPjxsaSBjbGFzcz1cImt0LXN2Zy1pY29uLWxpc3Qtc3R5bGUtZGVmYXVsdCBrdC1zdmctaWNvbi1saXN0LWl0ZW0td3JhcCBrdC1zdmctaWNvbi1saXN0LWl0ZW0tMFwiPjxzcGFuIGNsYXNzPVwia3Qtc3ZnLWljb24tbGlzdC10ZXh0XCI+V2ViLUVudHdpY2tsZXI8XC9zcGFuPjxcL2xpPjxsaSBjbGFzcz1cImt0LXN2Zy1pY29uLWxpc3Qtc3R5bGUtZGVmYXVsdCBrdC1zdmctaWNvbi1saXN0LWl0ZW0td3JhcCBrdC1zdmctaWNvbi1saXN0LWl0ZW0tMVwiPjxzcGFuIGNsYXNzPVwia3Qtc3ZnLWljb24tbGlzdC10ZXh0XCI+UEMtU3VwcG9ydGVyPFwvc3Bhbj48XC9saT48bGkgY2xhc3M9XCJrdC1zdmctaWNvbi1saXN0LXN0eWxlLWRlZmF1bHQga3Qtc3ZnLWljb24tbGlzdC1pdGVtLXdyYXAga3Qtc3ZnLWljb24tbGlzdC1pdGVtLTJcIj48c3BhbiBjbGFzcz1cImt0LXN2Zy1pY29uLWxpc3QtdGV4dFwiPklULVNlcnZpY2UgVmVya1x1MDBlNHVmZXI8XC9zcGFuPjxcL2xpPjxsaSBjbGFzcz1cImt0LXN2Zy1pY29uLWxpc3Qtc3R5bGUtZGVmYXVsdCBrdC1zdmctaWNvbi1saXN0LWl0ZW0td3JhcCBrdC1zdmctaWNvbi1saXN0LWl0ZW0tM1wiPjxzcGFuIGNsYXNzPVwia3Qtc3ZnLWljb24tbGlzdC10ZXh0XCI+SW50ZXJuZXQgVmVya1x1MDBlNHVmZXI8XC9zcGFuPjxcL2xpPjxcL3VsPjxcL2Rpdj4ifSwiZWxlbWVudHMiOltdLCJ3aWRnZXRUeXBlIjoidGV4dC1lZGl0b3IifV0sImlzSW5uZXIiOmZhbHNlfV0sImlzSW5uZXIiOmZhbHNlfV1+dyQwMDljYjhkMy1jNjExLTQzMjQtOTM2Ni01YzA5YWI1NGEyMWZ4d68HPGgxPlN0ZWxsZW48L2gxPgo8cCBzdHlsZT0idGV4dC1hbGlnbjogY2VudGVyOyI+U2llIHNpbmQgZWluIGVyZmFocmVuZXIgUHJvZmkgYXVmIGVpbmVtIEdlYmlldD8gU2llIGdsYXViZW4gU2llIGvDtm5udGVuIHVucyBldHdhcyBicmluZ2VuPzxiciAvPlNlbmRlbiBTaWUgdW5zIElocmUgQmV3ZXJidW5nIG1pdCBlaW5lbSB2b2xsc3TDpG5kaWdlbiBDVi48L3A+CjxwPgkJCQkJCQkJCQkJCQkJCTxpbWcgd2lkdGg9IjEwMjQiIGhlaWdodD0iNzY0IiBzcmM9Imh0dHBzOi8vd3d3LmFiYzRpdC5jb20vY21zL3dwLWNvbnRlbnQvdXBsb2Fkcy8yMDI0LzExL2tibG9ja3NfcHJlYnVpbHRfNDJfc3VwcG9ydF8xLW1pbi0xMDI0eDc2NC0xLnBuZyIgYWx0PSIiIHNyY3NldD0iaHR0cHM6Ly93d3cuYWJjNGl0LmNvbS9jbXMvd3AtY29udGVudC91cGxvYWRzLzIwMjQvMTEva2Jsb2Nrc19wcmVidWlsdF80Ml9zdXBwb3J0XzEtbWluLTEwMjR4NzY0LTEucG5nIDEwMjR3LCBodHRwczovL3d3dy5hYmM0aXQuY29tL2Ntcy93cC1jb250ZW50L3VwbG9hZHMvMjAyNC8xMS9rYmxvY2tzX3ByZWJ1aWx0XzQyX3N1cHBvcnRfMS1taW4tMTAyNHg3NjQtMS0zMDB4MjI0LnBuZyAzMDB3LCBodHRwczovL3d3dy5hYmM0aXQuY29tL2Ntcy93cC1jb250ZW50L3VwbG9hZHMvMjAyNC8xMS9rYmxvY2tzX3ByZWJ1aWx0XzQyX3N1cHBvcnRfMS1taW4tMTAyNHg3NjQtMS03Njh4NTczLnBuZyA3Njh3IiBzaXplcz0iKG1heC13aWR0aDogMTAyNHB4KSAxMDB2dywgMTAyNHB4IiAvPgkJCQkJCQkJCQkJCQkJCTwvcD4KPGgyPldpciBzdWNoZW4gc3TDpG5kaWcgVGFsZW50ZTo8L2gyPgo8dWw+CjxsaT5XZWItRW50d2lja2xlcjwvbGk+CjxsaT5QQy1TdXBwb3J0ZXI8L2xpPgo8bGk+SVQtU2VydmljZSBWZXJrw6R1ZmVyPC9saT4KPGxpPkludGVybmV0IFZlcmvDpHVmZXI8L2xpPgo8L3VsPncNY29yZS9mcmVlZm9ybXevBzxoMT5TdGVsbGVuPC9oMT4KPHAgc3R5bGU9InRleHQtYWxpZ246IGNlbnRlcjsiPlNpZSBzaW5kIGVpbiBlcmZhaHJlbmVyIFByb2ZpIGF1ZiBlaW5lbSBHZWJpZXQ\/IFNpZSBnbGF1YmVuIFNpZSBrw7ZubnRlbiB1bnMgZXR3YXMgYnJpbmdlbj88YnIgLz5TZW5kZW4gU2llIHVucyBJaHJlIEJld2VyYnVuZyBtaXQgZWluZW0gdm9sbHN0w6RuZGlnZW4gQ1YuPC9wPgo8cD4JCQkJCQkJCQkJCQkJCQk8aW1nIHdpZHRoPSIxMDI0IiBoZWlnaHQ9Ijc2NCIgc3JjPSJodHRwczovL3d3dy5hYmM0aXQuY29tL2Ntcy93cC1jb250ZW50L3VwbG9hZHMvMjAyNC8xMS9rYmxvY2tzX3ByZWJ1aWx0XzQyX3N1cHBvcnRfMS1taW4tMTAyNHg3NjQtMS5wbmciIGFsdD0iIiBzcmNzZXQ9Imh0dHBzOi8vd3d3LmFiYzRpdC5jb20vY21zL3dwLWNvbnRlbnQvdXBsb2Fkcy8yMDI0LzExL2tibG9ja3NfcHJlYnVpbHRfNDJfc3VwcG9ydF8xLW1pbi0xMDI0eDc2NC0xLnBuZyAxMDI0dywgaHR0cHM6Ly93d3cuYWJjNGl0LmNvbS9jbXMvd3AtY29udGVudC91cGxvYWRzLzIwMjQvMTEva2Jsb2Nrc19wcmVidWlsdF80Ml9zdXBwb3J0XzEtbWluLTEwMjR4NzY0LTEtMzAweDIyNC5wbmcgMzAwdywgaHR0cHM6Ly93d3cuYWJjNGl0LmNvbS9jbXMvd3AtY29udGVudC91cGxvYWRzLzIwMjQvMTEva2Jsb2Nrc19wcmVidWlsdF80Ml9zdXBwb3J0XzEtbWluLTEwMjR4NzY0LTEtNzY4eDU3My5wbmcgNzY4dyIgc2l6ZXM9IihtYXgtd2lkdGg6IDEwMjRweCkgMTAwdncsIDEwMjRweCIgLz4JCQkJCQkJCQkJCQkJCQk8L3A+CjxoMj5XaXIgc3VjaGVuIHN0w6RuZGlnIFRhbGVudGU6PC9oMj4KPHVsPgo8bGk+V2ViLUVudHdpY2tsZXI8L2xpPgo8bGk+UEMtU3VwcG9ydGVyPC9saT4KPGxpPklULVNlcnZpY2UgVmVya8OkdWZlcjwvbGk+CjxsaT5JbnRlcm5ldCBWZXJrw6R1ZmVyPC9saT4KPC91bD4A\",\"updateId\":222111174}","neve_meta_sidebar":"full-width","neve_meta_container":"","neve_meta_enable_content_width":"on","neve_meta_content_width":100,"neve_meta_title_alignment":"","neve_meta_author_avatar":"","neve_post_elements_order":"","neve_meta_disable_header":"","neve_meta_disable_footer":"","neve_meta_disable_title":"","iawp_total_views":1239,"footnotes":""},"class_list":["post-620","page","type-page","status-publish","hentry"],"_links":{"self":[{"href":"https:\/\/www.abc4it.com\/cms\/wp-json\/wp\/v2\/pages\/620","targetHints":{"allow":["GET"]}}],"collection":[{"href":"https:\/\/www.abc4it.com\/cms\/wp-json\/wp\/v2\/pages"}],"about":[{"href":"https:\/\/www.abc4it.com\/cms\/wp-json\/wp\/v2\/types\/page"}],"author":[{"embeddable":true,"href":"https:\/\/www.abc4it.com\/cms\/wp-json\/wp\/v2\/users\/1"}],"replies":[{"embeddable":true,"href":"https:\/\/www.abc4it.com\/cms\/wp-json\/wp\/v2\/comments?post=620"}],"version-history":[{"count":18,"href":"https:\/\/www.abc4it.com\/cms\/wp-json\/wp\/v2\/pages\/620\/revisions"}],"predecessor-version":[{"id":4436,"href":"https:\/\/www.abc4it.com\/cms\/wp-json\/wp\/v2\/pages\/620\/revisions\/4436"}],"wp:attachment":[{"href":"https:\/\/www.abc4it.com\/cms\/wp-json\/wp\/v2\/media?parent=620"}],"curies":[{"name":"wp","href":"https:\/\/api.w.org\/{rel}","templated":true}]}}