{"id":654,"date":"2021-07-21T11:21:28","date_gmt":"2021-07-21T09:21:28","guid":{"rendered":"http:\/\/www.abc4it.net\/cms\/?page_id=654"},"modified":"2025-04-03T15:29:53","modified_gmt":"2025-04-03T13:29:53","slug":"agb-dse","status":"publish","type":"page","link":"https:\/\/www.abc4it.com\/cms\/agb-dse\/","title":{"rendered":"AGB \/ DSE"},"content":{"rendered":"\t\t<div data-elementor-type=\"wp-page\" data-elementor-id=\"654\" class=\"elementor elementor-654\">\n\t\t\t\t\t\t<section class=\"elementor-section elementor-top-section elementor-element elementor-element-48b29df1 elementor-section-boxed elementor-section-height-default elementor-section-height-default\" data-id=\"48b29df1\" data-element_type=\"section\" data-e-type=\"section\">\n\t\t\t\t\t\t<div class=\"elementor-container elementor-column-gap-default\">\n\t\t\t\t\t<div class=\"elementor-column elementor-col-100 elementor-top-column elementor-element elementor-element-5d12e65\" data-id=\"5d12e65\" data-element_type=\"column\" data-e-type=\"column\">\n\t\t\t<div class=\"elementor-widget-wrap\">\n\t\t\t\t\t\t\t<\/div>\n\t\t<\/div>\n\t\t\t\t\t<\/div>\n\t\t<\/section>\n\t\t\t\t<section class=\"elementor-section elementor-top-section elementor-element elementor-element-5b7d76b elementor-section-full_width elementor-section-height-default elementor-section-height-default\" data-id=\"5b7d76b\" data-element_type=\"section\" data-e-type=\"section\" data-settings=\"{&quot;background_background&quot;:&quot;gradient&quot;,&quot;shape_divider_bottom&quot;:&quot;curve&quot;}\">\n\t\t\t\t\t<div class=\"elementor-shape elementor-shape-bottom\" aria-hidden=\"true\" data-negative=\"false\">\n\t\t\t<svg xmlns=\"http:\/\/www.w3.org\/2000\/svg\" viewBox=\"0 0 1000 100\" preserveAspectRatio=\"none\">\n    <path class=\"elementor-shape-fill\" d=\"M1000,4.3V0H0v4.3C0.9,23.1,126.7,99.2,500,100S1000,22.7,1000,4.3z\"\/>\n<\/svg>\t\t<\/div>\n\t\t\t\t\t<div class=\"elementor-container elementor-column-gap-default\">\n\t\t\t\t\t<div class=\"elementor-column elementor-col-100 elementor-top-column elementor-element elementor-element-7da2ac9\" data-id=\"7da2ac9\" data-element_type=\"column\" data-e-type=\"column\">\n\t\t\t<div class=\"elementor-widget-wrap elementor-element-populated\">\n\t\t\t\t\t\t<div class=\"elementor-element elementor-element-b291a92 elementor-widget elementor-widget-spacer\" data-id=\"b291a92\" data-element_type=\"widget\" data-e-type=\"widget\" data-widget_type=\"spacer.default\">\n\t\t\t\t<div class=\"elementor-widget-container\">\n\t\t\t\t\t\t\t<div class=\"elementor-spacer\">\n\t\t\t<div class=\"elementor-spacer-inner\"><\/div>\n\t\t<\/div>\n\t\t\t\t\t\t<\/div>\n\t\t\t\t<\/div>\n\t\t\t\t<section class=\"elementor-section elementor-inner-section elementor-element elementor-element-e67c545 elementor-section-boxed elementor-section-height-default elementor-section-height-default\" data-id=\"e67c545\" data-element_type=\"section\" data-e-type=\"section\">\n\t\t\t\t\t\t<div class=\"elementor-container elementor-column-gap-default\">\n\t\t\t\t\t<div class=\"elementor-column elementor-col-100 elementor-inner-column elementor-element elementor-element-31f686c\" data-id=\"31f686c\" data-element_type=\"column\" data-e-type=\"column\">\n\t\t\t<div class=\"elementor-widget-wrap elementor-element-populated\">\n\t\t\t\t\t\t<div class=\"elementor-element elementor-element-f0c51a4 elementor-invisible elementor-widget elementor-widget-heading\" data-id=\"f0c51a4\" data-element_type=\"widget\" data-e-type=\"widget\" data-settings=\"{&quot;_animation&quot;:&quot;slideInLeft&quot;}\" data-widget_type=\"heading.default\">\n\t\t\t\t<div class=\"elementor-widget-container\">\n\t\t\t\t\t<h1 class=\"elementor-heading-title elementor-size-default\">Allgemeine Gesch\u00e4ftsbedingungen (AGB)\nund\nDatenschutzerkl\u00e4rung (DSE)\n\n<\/h1>\t\t\t\t<\/div>\n\t\t\t\t<\/div>\n\t\t\t\t\t<\/div>\n\t\t<\/div>\n\t\t\t\t\t<\/div>\n\t\t<\/section>\n\t\t\t\t<div class=\"elementor-element elementor-element-fb6b823 elementor-hidden-tablet elementor-hidden-mobile elementor-widget elementor-widget-html\" data-id=\"fb6b823\" data-element_type=\"widget\" data-e-type=\"widget\" data-widget_type=\"html.default\">\n\t\t\t\t<div class=\"elementor-widget-container\">\n\t\t\t\t\t<svg id=\"curve\" fill=\"var(--nv-site-bg)\" viewBox=\"0 0 100 100\" width=\"100%\" height=\"100\" preserveAspectRatio=\"none\" xmlns=\"http:\/\/www.w3.org\/2000\/svg\" class=\"\"><path d=\"M1.5 100 C40 0 60 0 100 100 Z\"><\/path><\/svg>\t\t\t\t<\/div>\n\t\t\t\t<\/div>\n\t\t\t\t\t<\/div>\n\t\t<\/div>\n\t\t\t\t\t<\/div>\n\t\t<\/section>\n\t\t\t\t<section class=\"elementor-section elementor-top-section elementor-element elementor-element-442a16c elementor-section-boxed elementor-section-height-default elementor-section-height-default\" data-id=\"442a16c\" data-element_type=\"section\" data-e-type=\"section\">\n\t\t\t\t\t\t<div class=\"elementor-container elementor-column-gap-default\">\n\t\t\t\t\t<div class=\"elementor-column elementor-col-100 elementor-top-column elementor-element elementor-element-309a42d\" data-id=\"309a42d\" data-element_type=\"column\" data-e-type=\"column\">\n\t\t\t<div class=\"elementor-widget-wrap elementor-element-populated\">\n\t\t\t\t\t\t<div class=\"elementor-element elementor-element-91438a8 elementor-widget elementor-widget-html\" data-id=\"91438a8\" data-element_type=\"widget\" data-e-type=\"widget\" data-widget_type=\"html.default\">\n\t\t\t\t<div class=\"elementor-widget-container\">\n\t\t\t\t\t<!-- Text und Links -->\n<div class=\"pdf-info\">\n  <p>\n    Auf dieser Seite stellen wir Ihnen unsere <strong>Allgemeinen Gesch\u00e4ftsbedingungen (AGB)<\/strong> sowie unsere <strong>Datenschutzerkl\u00e4rung (DSE)<\/strong> zur Verf\u00fcgung. Um unsere Dienstleistungen transparent zu gestalten, haben wir die AGB in drei Bereiche unterteilt, passend zu unseren verschiedenen Angeboten:\n  <\/p>\n  <ul>\n    <li>\n      <a href=\"#\" class=\"open-pdf-popup\" data-pdf=\"https:\/\/www.abc4it.com\/cms\/wp-content\/uploads\/2024\/11\/abc4it_agb_kauf_v_4_04.pdf\">\n        AGB f\u00fcr Kaufvertr\u00e4ge\n      <\/a>\n    <\/li>\n    <li>\n      <a href=\"#\" class=\"open-pdf-popup\" data-pdf=\"https:\/\/www.abc4it.com\/cms\/wp-content\/uploads\/2024\/11\/abc4it_agb_dienstleistung_v_4_04.pdf\">\n        AGB f\u00fcr Dienstleistungen\n      <\/a>\n    <\/li>\n    <li>\n      <a href=\"#\" class=\"open-pdf-popup\" data-pdf=\"https:\/\/www.abc4it.com\/cms\/wp-content\/uploads\/2024\/11\/abc4it_agb_entwicklung_und_system_v_4_04.pdf\">\n        AGB f\u00fcr Entwicklung und Systemintegration\n      <\/a>\n    <\/li>\n  <\/ul>\n  <p>\n    Die <strong>Datenschutzerkl\u00e4rung (DSE)<\/strong> beschreibt, wie wir Ihre personenbezogenen Daten verarbeiten und sch\u00fctzen:\n  <\/p>\n  <ul>\n    <li>\n      <a href=\"#\" class=\"open-pdf-popup\" data-pdf=\"https:\/\/www.abc4it.com\/cms\/wp-content\/uploads\/2024\/11\/abc4IT-Datenschutzerklaerung_v_3_04.pdf\">\n        Datenschutzerkl\u00e4rung (DSE)\n      <\/a>\n    <\/li>\n  <\/ul>\n  <p>\n    Sie k\u00f6nnen die Dokumente im PDF-Format herunterladen und sich jederzeit \u00fcber die rechtlichen Grundlagen unserer Zusammenarbeit informieren. Falls Sie Fragen haben, stehen wir Ihnen gerne zur Verf\u00fcgung.\n  <\/p>\n<\/div>\n\n<!-- Modal-Popup Container -->\n<div id=\"pdf-modal\" class=\"modal\">\n  <div class=\"modal-content\">\n    <span class=\"close\">&times;<\/span>\n    <iframe id=\"pdf-iframe\" src=\"\" width=\"100%\" height=\"600px\" style=\"border: none;\"><\/iframe>\n  <\/div>\n<\/div>\n\n<!-- CSS f\u00fcr das Modal -->\n<style>\n  .modal {\n    display: none; \/* Standardm\u00e4\u00dfig versteckt *\/\n    position: fixed;\n    z-index: 1000;\n    left: 0;\n    top: 0;\n    width: 100%;\n    height: 100%;\n    overflow: auto;\n    background-color: rgba(0,0,0,0.5);\n  }\n  .modal-content {\n    background-color: #fefefe;\n    margin: 5% auto;\n    padding: 20px;\n    border: 1px solid #888;\n    width: 80%;\n    max-width: 1000px;\n    position: relative;\n  }\n  .close {\n    position: absolute;\n    right: 15px;\n    top: 10px;\n    color: #aaa;\n    font-size: 28px;\n    font-weight: bold;\n    cursor: pointer;\n  }\n  .close:hover,\n  .close:focus {\n    color: black;\n  }\n<\/style>\n\n<!-- JavaScript zum \u00d6ffnen und Schlie\u00dfen des Modals -->\n<script>\n  \/\/ Alle Links mit der Klasse \"open-pdf-popup\" selektieren\n  var links = document.querySelectorAll('.open-pdf-popup');\n  links.forEach(function(link) {\n    link.addEventListener('click', function(e) {\n      e.preventDefault();\n      var pdfURL = this.getAttribute('data-pdf');\n      document.getElementById('pdf-iframe').src = pdfURL;\n      document.getElementById('pdf-modal').style.display = \"block\";\n    });\n  });\n\n  \/\/ Schlie\u00dfen-Button (\"X\") Funktionalit\u00e4t\n  document.querySelector('.close').addEventListener('click', function() {\n    document.getElementById('pdf-modal').style.display = \"none\";\n    document.getElementById('pdf-iframe').src = \"\";\n  });\n\n  \/\/ Schlie\u00dfen des Modals, wenn au\u00dferhalb des Inhalts geklickt wird\n  window.addEventListener('click', function(e) {\n    var modal = document.getElementById('pdf-modal');\n    if (e.target === modal) {\n      modal.style.display = \"none\";\n      document.getElementById('pdf-iframe').src = \"\";\n    }\n  });\n<\/script>\n\t\t\t\t<\/div>\n\t\t\t\t<\/div>\n\t\t\t\t<div class=\"elementor-element elementor-element-31f052d elementor-widget elementor-widget-spacer\" data-id=\"31f052d\" data-element_type=\"widget\" data-e-type=\"widget\" data-widget_type=\"spacer.default\">\n\t\t\t\t<div class=\"elementor-widget-container\">\n\t\t\t\t\t\t\t<div class=\"elementor-spacer\">\n\t\t\t<div class=\"elementor-spacer-inner\"><\/div>\n\t\t<\/div>\n\t\t\t\t\t\t<\/div>\n\t\t\t\t<\/div>\n\t\t\t\t\t<\/div>\n\t\t<\/div>\n\t\t\t\t\t<\/div>\n\t\t<\/section>\n\t\t\t\t<section class=\"elementor-section elementor-top-section elementor-element elementor-element-d75247a elementor-section-boxed elementor-section-height-default elementor-section-height-default\" data-id=\"d75247a\" data-element_type=\"section\" data-e-type=\"section\" data-settings=\"{&quot;background_background&quot;:&quot;classic&quot;}\">\n\t\t\t\t\t\t<div class=\"elementor-container elementor-column-gap-default\">\n\t\t\t\t\t<div class=\"elementor-column elementor-col-100 elementor-top-column elementor-element elementor-element-770cc6e\" data-id=\"770cc6e\" data-element_type=\"column\" data-e-type=\"column\">\n\t\t\t<div class=\"elementor-widget-wrap elementor-element-populated\">\n\t\t\t\t\t\t<div class=\"elementor-element elementor-element-de9dd2f elementor-widget elementor-widget-spacer\" data-id=\"de9dd2f\" data-element_type=\"widget\" data-e-type=\"widget\" data-widget_type=\"spacer.default\">\n\t\t\t\t<div class=\"elementor-widget-container\">\n\t\t\t\t\t\t\t<div class=\"elementor-spacer\">\n\t\t\t<div class=\"elementor-spacer-inner\"><\/div>\n\t\t<\/div>\n\t\t\t\t\t\t<\/div>\n\t\t\t\t<\/div>\n\t\t\t\t<div class=\"elementor-element elementor-element-66920f9 elementor-widget elementor-widget-heading\" data-id=\"66920f9\" data-element_type=\"widget\" data-e-type=\"widget\" data-widget_type=\"heading.default\">\n\t\t\t\t<div class=\"elementor-widget-container\">\n\t\t\t\t\t<h5 class=\"elementor-heading-title elementor-size-default\">Sie haben noch Fragen oder ein Anliegen zu den AGBs oder der DSE?<\/h5>\t\t\t\t<\/div>\n\t\t\t\t<\/div>\n\t\t\t\t<div class=\"elementor-element elementor-element-9f7e1b8 elementor-align-center elementor-widget elementor-widget-button\" data-id=\"9f7e1b8\" data-element_type=\"widget\" data-e-type=\"widget\" data-widget_type=\"button.default\">\n\t\t\t\t<div class=\"elementor-widget-container\">\n\t\t\t\t\t\t\t\t\t<div class=\"elementor-button-wrapper\">\n\t\t\t\t\t<a class=\"elementor-button elementor-button-link elementor-size-sm\" href=\"https:\/\/www.abc4it.com\/cms\/support\/\" id=\"footer-support-button\">\n\t\t\t\t\t\t<span class=\"elementor-button-content-wrapper\">\n\t\t\t\t\t\t\t\t\t<span class=\"elementor-button-text\">Support<\/span>\n\t\t\t\t\t<\/span>\n\t\t\t\t\t<\/a>\n\t\t\t\t<\/div>\n\t\t\t\t\t\t\t\t<\/div>\n\t\t\t\t<\/div>\n\t\t\t\t<div class=\"elementor-element elementor-element-6bd1fd9 elementor-widget elementor-widget-spacer\" data-id=\"6bd1fd9\" data-element_type=\"widget\" data-e-type=\"widget\" data-widget_type=\"spacer.default\">\n\t\t\t\t<div class=\"elementor-widget-container\">\n\t\t\t\t\t\t\t<div class=\"elementor-spacer\">\n\t\t\t<div class=\"elementor-spacer-inner\"><\/div>\n\t\t<\/div>\n\t\t\t\t\t\t<\/div>\n\t\t\t\t<\/div>\n\t\t\t\t\t<\/div>\n\t\t<\/div>\n\t\t\t\t\t<\/div>\n\t\t<\/section>\n\t\t\t\t<\/div>\n\t\t","protected":false},"excerpt":{"rendered":"<p>Allgemeine Gesch\u00e4ftsbedingungen (AGB) und Datenschutzerkl\u00e4rung (DSE) Auf dieser Seite stellen wir Ihnen unsere Allgemeinen Gesch\u00e4ftsbedingungen (AGB) sowie unsere Datenschutzerkl\u00e4rung (DSE) zur Verf\u00fcgung. Um unsere Dienstleistungen transparent zu gestalten, haben wir die AGB in drei Bereiche unterteilt, passend zu unseren verschiedenen Angeboten: AGB f\u00fcr Kaufvertr\u00e4ge AGB f\u00fcr Dienstleistungen AGB f\u00fcr Entwicklung und Systemintegration Die Datenschutzerkl\u00e4rung (DSE)&hellip;&nbsp;<a href=\"https:\/\/www.abc4it.com\/cms\/agb-dse\/\" rel=\"bookmark\">Weiterlesen &raquo;<span class=\"screen-reader-text\">AGB \/ DSE<\/span><\/a><\/p>\n","protected":false},"author":1,"featured_media":0,"parent":0,"menu_order":0,"comment_status":"closed","ping_status":"closed","template":"page-templates\/template-pagebuilder-full-width.php","meta":{"_crdt_document":"","neve_meta_sidebar":"full-width","neve_meta_container":"","neve_meta_enable_content_width":"on","neve_meta_content_width":100,"neve_meta_title_alignment":"","neve_meta_author_avatar":"","neve_post_elements_order":"","neve_meta_disable_header":"","neve_meta_disable_footer":"","neve_meta_disable_title":"","iawp_total_views":98,"footnotes":""},"class_list":["post-654","page","type-page","status-publish","hentry"],"yoast_head":"<!-- This site is optimized with the Yoast SEO plugin v27.3 - https:\/\/yoast.com\/product\/yoast-seo-wordpress\/ -->\n<title>AGB und Datenschutzerkl\u00e4rung \u2013 abc4IT<\/title>\n<meta name=\"description\" content=\"AGB und Datenschutzerkl\u00e4rung von abc4IT: Kaufvertr\u00e4ge, Dienstleistungen und Systementwicklung. Transparente Infos \u2013 jetzt downloaden!\" \/>\n<meta name=\"robots\" content=\"index, follow, max-snippet:-1, max-image-preview:large, max-video-preview:-1\" \/>\n<link rel=\"canonical\" href=\"https:\/\/www.abc4it.com\/cms\/agb-dse\/\" \/>\n<meta property=\"og:locale\" content=\"de_DE\" \/>\n<meta property=\"og:type\" content=\"article\" \/>\n<meta property=\"og:title\" content=\"AGB und Datenschutzerkl\u00e4rung \u2013 abc4IT\" \/>\n<meta property=\"og:description\" content=\"AGB und Datenschutzerkl\u00e4rung von abc4IT: Kaufvertr\u00e4ge, Dienstleistungen und Systementwicklung. Transparente Infos \u2013 jetzt downloaden!\" \/>\n<meta property=\"og:url\" content=\"https:\/\/www.abc4it.com\/cms\/agb-dse\/\" \/>\n<meta property=\"og:site_name\" content=\"abc4it.com\" \/>\n<meta property=\"article:modified_time\" content=\"2025-04-03T13:29:53+00:00\" \/>\n<meta name=\"twitter:card\" content=\"summary_large_image\" \/>\n<meta name=\"twitter:label1\" content=\"Gesch\u00e4tzte Lesezeit\" \/>\n\t<meta name=\"twitter:data1\" content=\"1\u00a0Minute\" \/>\n<script type=\"application\/ld+json\" class=\"yoast-schema-graph\">{\"@context\":\"https:\\\/\\\/schema.org\",\"@graph\":[{\"@type\":\"WebPage\",\"@id\":\"https:\\\/\\\/www.abc4it.com\\\/cms\\\/agb-dse\\\/\",\"url\":\"https:\\\/\\\/www.abc4it.com\\\/cms\\\/agb-dse\\\/\",\"name\":\"AGB und Datenschutzerkl\u00e4rung \u2013 abc4IT\",\"isPartOf\":{\"@id\":\"https:\\\/\\\/www.abc4it.com\\\/cms\\\/#website\"},\"datePublished\":\"2021-07-21T09:21:28+00:00\",\"dateModified\":\"2025-04-03T13:29:53+00:00\",\"description\":\"AGB und Datenschutzerkl\u00e4rung von abc4IT: Kaufvertr\u00e4ge, Dienstleistungen und Systementwicklung. Transparente Infos \u2013 jetzt downloaden!\",\"inLanguage\":\"de\",\"potentialAction\":[{\"@type\":\"ReadAction\",\"target\":[\"https:\\\/\\\/www.abc4it.com\\\/cms\\\/agb-dse\\\/\"]}]},{\"@type\":\"WebSite\",\"@id\":\"https:\\\/\\\/www.abc4it.com\\\/cms\\\/#website\",\"url\":\"https:\\\/\\\/www.abc4it.com\\\/cms\\\/\",\"name\":\"abc4it.com\",\"description\":\"IT + Internet Service Provider\",\"publisher\":{\"@id\":\"https:\\\/\\\/www.abc4it.com\\\/cms\\\/#organization\"},\"alternateName\":\"abc4IT GmbH\",\"potentialAction\":[{\"@type\":\"SearchAction\",\"target\":{\"@type\":\"EntryPoint\",\"urlTemplate\":\"https:\\\/\\\/www.abc4it.com\\\/cms\\\/?s={search_term_string}\"},\"query-input\":{\"@type\":\"PropertyValueSpecification\",\"valueRequired\":true,\"valueName\":\"search_term_string\"}}],\"inLanguage\":\"de\"},{\"@type\":\"Organization\",\"@id\":\"https:\\\/\\\/www.abc4it.com\\\/cms\\\/#organization\",\"name\":\"abc4IT GmbH\",\"alternateName\":\"abc4IT GmbH\",\"url\":\"https:\\\/\\\/www.abc4it.com\\\/cms\\\/\",\"logo\":{\"@type\":\"ImageObject\",\"inLanguage\":\"de\",\"@id\":\"https:\\\/\\\/www.abc4it.com\\\/cms\\\/#\\\/schema\\\/logo\\\/image\\\/\",\"url\":\"https:\\\/\\\/www.abc4it.com\\\/cms\\\/wp-content\\\/uploads\\\/2021\\\/10\\\/abc4it_logo.png\",\"contentUrl\":\"https:\\\/\\\/www.abc4it.com\\\/cms\\\/wp-content\\\/uploads\\\/2021\\\/10\\\/abc4it_logo.png\",\"width\":1878,\"height\":430,\"caption\":\"abc4IT GmbH\"},\"image\":{\"@id\":\"https:\\\/\\\/www.abc4it.com\\\/cms\\\/#\\\/schema\\\/logo\\\/image\\\/\"}}]}<\/script>\n<!-- \/ Yoast SEO plugin. -->","yoast_head_json":{"title":"AGB und Datenschutzerkl\u00e4rung \u2013 abc4IT","description":"AGB und Datenschutzerkl\u00e4rung von abc4IT: Kaufvertr\u00e4ge, Dienstleistungen und Systementwicklung. Transparente Infos \u2013 jetzt downloaden!","robots":{"index":"index","follow":"follow","max-snippet":"max-snippet:-1","max-image-preview":"max-image-preview:large","max-video-preview":"max-video-preview:-1"},"canonical":"https:\/\/www.abc4it.com\/cms\/agb-dse\/","og_locale":"de_DE","og_type":"article","og_title":"AGB und Datenschutzerkl\u00e4rung \u2013 abc4IT","og_description":"AGB und Datenschutzerkl\u00e4rung von abc4IT: Kaufvertr\u00e4ge, Dienstleistungen und Systementwicklung. Transparente Infos \u2013 jetzt downloaden!","og_url":"https:\/\/www.abc4it.com\/cms\/agb-dse\/","og_site_name":"abc4it.com","article_modified_time":"2025-04-03T13:29:53+00:00","twitter_card":"summary_large_image","twitter_misc":{"Gesch\u00e4tzte Lesezeit":"1\u00a0Minute"},"schema":{"@context":"https:\/\/schema.org","@graph":[{"@type":"WebPage","@id":"https:\/\/www.abc4it.com\/cms\/agb-dse\/","url":"https:\/\/www.abc4it.com\/cms\/agb-dse\/","name":"AGB und Datenschutzerkl\u00e4rung \u2013 abc4IT","isPartOf":{"@id":"https:\/\/www.abc4it.com\/cms\/#website"},"datePublished":"2021-07-21T09:21:28+00:00","dateModified":"2025-04-03T13:29:53+00:00","description":"AGB und Datenschutzerkl\u00e4rung von abc4IT: Kaufvertr\u00e4ge, Dienstleistungen und Systementwicklung. Transparente Infos \u2013 jetzt downloaden!","inLanguage":"de","potentialAction":[{"@type":"ReadAction","target":["https:\/\/www.abc4it.com\/cms\/agb-dse\/"]}]},{"@type":"WebSite","@id":"https:\/\/www.abc4it.com\/cms\/#website","url":"https:\/\/www.abc4it.com\/cms\/","name":"abc4it.com","description":"IT + Internet Service Provider","publisher":{"@id":"https:\/\/www.abc4it.com\/cms\/#organization"},"alternateName":"abc4IT GmbH","potentialAction":[{"@type":"SearchAction","target":{"@type":"EntryPoint","urlTemplate":"https:\/\/www.abc4it.com\/cms\/?s={search_term_string}"},"query-input":{"@type":"PropertyValueSpecification","valueRequired":true,"valueName":"search_term_string"}}],"inLanguage":"de"},{"@type":"Organization","@id":"https:\/\/www.abc4it.com\/cms\/#organization","name":"abc4IT GmbH","alternateName":"abc4IT GmbH","url":"https:\/\/www.abc4it.com\/cms\/","logo":{"@type":"ImageObject","inLanguage":"de","@id":"https:\/\/www.abc4it.com\/cms\/#\/schema\/logo\/image\/","url":"https:\/\/www.abc4it.com\/cms\/wp-content\/uploads\/2021\/10\/abc4it_logo.png","contentUrl":"https:\/\/www.abc4it.com\/cms\/wp-content\/uploads\/2021\/10\/abc4it_logo.png","width":1878,"height":430,"caption":"abc4IT GmbH"},"image":{"@id":"https:\/\/www.abc4it.com\/cms\/#\/schema\/logo\/image\/"}}]}},"_links":{"self":[{"href":"https:\/\/www.abc4it.com\/cms\/wp-json\/wp\/v2\/pages\/654","targetHints":{"allow":["GET"]}}],"collection":[{"href":"https:\/\/www.abc4it.com\/cms\/wp-json\/wp\/v2\/pages"}],"about":[{"href":"https:\/\/www.abc4it.com\/cms\/wp-json\/wp\/v2\/types\/page"}],"author":[{"embeddable":true,"href":"https:\/\/www.abc4it.com\/cms\/wp-json\/wp\/v2\/users\/1"}],"replies":[{"embeddable":true,"href":"https:\/\/www.abc4it.com\/cms\/wp-json\/wp\/v2\/comments?post=654"}],"version-history":[{"count":119,"href":"https:\/\/www.abc4it.com\/cms\/wp-json\/wp\/v2\/pages\/654\/revisions"}],"predecessor-version":[{"id":4190,"href":"https:\/\/www.abc4it.com\/cms\/wp-json\/wp\/v2\/pages\/654\/revisions\/4190"}],"wp:attachment":[{"href":"https:\/\/www.abc4it.com\/cms\/wp-json\/wp\/v2\/media?parent=654"}],"curies":[{"name":"wp","href":"https:\/\/api.w.org\/{rel}","templated":true}]}}